{"id":2980,"date":"2019-01-07T14:36:49","date_gmt":"2019-01-07T13:36:49","guid":{"rendered":"https:\/\/papetiatreperenda.cz\/?page_id=2980"},"modified":"2025-04-09T11:22:33","modified_gmt":"2025-04-09T09:22:33","slug":"o-mne","status":"publish","type":"page","link":"https:\/\/papetiatreperenda.cz\/?page_id=2980","title":{"rendered":"O mn\u011b"},"content":{"rendered":"<div class=\"wpb-content-wrapper\">[vc_row][vc_column width=&#8220;1\/2&#8243;][vc_column_text css=&#8220;&#8220;]\n<h6 style=\"text-align: left;\"><span style=\"color: #da4972;\"><strong>Ahoj kamar\u00e1di!<\/strong><\/span><\/h6>\n<h6 style=\"text-align: left;\"><strong>Jmenuji se Veronika Trefn\u00e1, ale \u0159\u00edkejte mi Treperenda. <\/strong><\/h6>\n<h6 style=\"text-align: left;\"><strong>Jsem vystudovanou prvostup\u0148ovou pan\u00ed u\u010ditelkou, ale p\u0159edev\u0161\u00edm hrdou maminkou 3 ro\u0161\u0165\u00e1k\u016f. <\/strong><strong>V pr\u016fb\u011bhu sv\u00fdch rodi\u010dovsk\u00fdch &#8222;dovolen\u00fdch&#8220; jsem si je\u0161t\u011b doplnila vzd\u011bl\u00e1n\u00ed na konzervato\u0159i a s radost\u00ed sob\u011b vlastn\u00ed za\u010dala skl\u00e1dat p\u00edsni\u010dky nejen pro d\u011bti&#8230;\u00a0<\/strong><\/h6>\n<h6 style=\"text-align: left;\"><strong>M\u00e1m r\u00e1da legraci, hr\u00e1tky se slov\u00ed\u010dky, v\u00edcesmysly a n\u00e1\u0161 kr\u00e1sn\u00fd \u010desk\u00fd jazyk jako takov\u00fd. <\/strong><strong>Nemal\u00fd vliv na m\u011b m\u011bla tvorba Z. Sv\u011br\u00e1ka a J. Uhl\u00ed\u0159e, I. Ml\u00e1dka nebo J. Such\u00e9ho a J. Molavcov\u00e9. Moc r\u00e1da zp\u00edv\u00e1m, hraji na kytaru, \u010dasto n\u011bco kut\u00edm a se svou rodinkou s oblibou jezd\u00edme na v\u00fdlety po na\u0161ich vlastech \u010desk\u00fdch.<\/strong><\/h6>\n<h6 style=\"text-align: left;\"><strong>V sou\u010dasn\u00e9 dob\u011b vystupuji s p\u0159edstaven\u00edm <span style=\"color: #da4972;\">&#8222;Potrefen\u00e1 zv\u00ed\u0159\u00e1tka&#8220;<\/span>, kter\u00e9 je pln\u00e9 legra\u010dn\u00edch p\u00edsni\u010dek a pov\u00edd\u00e1n\u00ed o ne tak zcela obvykl\u00fdch zv\u00ed\u0159\u00e1tk\u00e1ch. V ka\u017ed\u00e9m p\u0159edstaven\u00ed jsou m\u00fdmi par\u0165\u00e1ky ply\u0161ov\u00ed papeti <\/strong><strong>(z anglick\u00e9ho &#8222;the puppet&#8220;- ma\u0148\u00e1sek, loutka). V ned\u00e1vn\u00e9 dob\u011b jsme uvedli dal\u0161\u00ed p\u0159edstaven\u00ed <\/strong><strong><span style=\"color: #da4972;\">&#8222;Papeti a Treperenda lidov\u011b&#8220;<\/span><\/strong><strong>, tentokr\u00e1t postaven\u00e9 na tradi\u010dn\u00edch \u010desk\u00fdch a moravsk\u00fdch lidov\u00fdch p\u00edsn\u00edch.<\/strong><\/h6>\n<h6 style=\"text-align: left;\"><strong>Klav\u00edrn\u00ed aran\u017ee k m\u00fdm p\u00edsni\u010dk\u00e1m, kter\u00e9 p\u016fvodn\u011b vznikaly s kytarou, zajistil renomovan\u00fd pianista Norbert Heller (v\u00edce<\/strong>\u00a0<span style=\"color: #da4972;\"><a style=\"color: #da4972;\" href=\"https:\/\/papetiatreperenda.cz\/?page_id=4095\"><strong>Norbert Heller<\/strong><\/a><\/span><strong>).<\/strong><\/h6>\n<h6 style=\"text-align: left;\"><strong>T\u011b\u0161\u00edm se na V\u00e1s na n\u011bkter\u00e9m z na\u0161ich p\u0159edstaven\u00ed, proto\u017ee tou nejv\u011bt\u0161\u00ed odm\u011bnou jsou pro m\u011b rozesm\u00e1t\u00e9 tv\u00e1\u0159i\u010dky v\u0161ech d\u011bt\u00ed.<\/strong><\/h6>\n<h6><strong>Va\u0161e Treperenda\u00a0<span class=\"html-span xexx8yu x4uap5 x18d9i69 xkhd6sd x1hl2dhg x16tdsg8 x1vvkbs x3nfvp2 x1j61x8r x1fcty0u xdj266r xat24cr xgzva0m xhhsvwb xxymvpz xlup9mm x1kky2od\"><img loading=\"lazy\" decoding=\"async\" class=\"xz74otr\" src=\"https:\/\/static.xx.fbcdn.net\/images\/emoji.php\/v9\/t6c\/1\/16\/2764.png\" alt=\"\u2764\ufe0f\" width=\"16\" height=\"16\" \/><\/span><\/strong><\/h6>\n[\/vc_column_text][\/vc_column][vc_column width=&#8220;1\/2&#8243;][vc_empty_space height=&#8220;30px&#8220;][vc_single_image image=&#8220;3525&#8243; img_size=&#8220;450 x 640&#8243; alignment=&#8220;center&#8220; style=&#8220;vc_box_outline_circle&#8220; css=&#8220;&#8220;][\/vc_column][\/vc_row]\n<\/div>","protected":false},"excerpt":{"rendered":"<p>[vc_row][vc_column width=&#8220;1\/2&#8243;][vc_column_text css=&#8220;&#8220;] Ahoj kamar\u00e1di! Jmenuji se Veronika Trefn\u00e1, ale \u0159\u00edkejte mi Treperenda. Jsem vystudovanou prvostup\u0148ovou pan\u00ed u\u010ditelkou, ale p\u0159edev\u0161\u00edm hrdou maminkou 3 ro\u0161\u0165\u00e1k\u016f. V pr\u016fb\u011bhu sv\u00fdch rodi\u010dovsk\u00fdch &#8222;dovolen\u00fdch&#8220; jsem si je\u0161t\u011b doplnila vzd\u011bl\u00e1n\u00ed na konzervato\u0159i a s radost\u00ed sob\u011b&#8230;<\/p>\n","protected":false},"author":2,"featured_media":0,"parent":0,"menu_order":0,"comment_status":"closed","ping_status":"closed","template":"","meta":{"_exactmetrics_skip_tracking":false,"_exactmetrics_sitenote_active":false,"_exactmetrics_sitenote_note":"","_exactmetrics_sitenote_category":0,"footnotes":""},"class_list":["post-2980","page","type-page","status-publish","hentry"],"_links":{"self":[{"href":"https:\/\/papetiatreperenda.cz\/index.php?rest_route=\/wp\/v2\/pages\/2980","targetHints":{"allow":["GET"]}}],"collection":[{"href":"https:\/\/papetiatreperenda.cz\/index.php?rest_route=\/wp\/v2\/pages"}],"about":[{"href":"https:\/\/papetiatreperenda.cz\/index.php?rest_route=\/wp\/v2\/types\/page"}],"author":[{"embeddable":true,"href":"https:\/\/papetiatreperenda.cz\/index.php?rest_route=\/wp\/v2\/users\/2"}],"replies":[{"embeddable":true,"href":"https:\/\/papetiatreperenda.cz\/index.php?rest_route=%2Fwp%2Fv2%2Fcomments&post=2980"}],"version-history":[{"count":133,"href":"https:\/\/papetiatreperenda.cz\/index.php?rest_route=\/wp\/v2\/pages\/2980\/revisions"}],"predecessor-version":[{"id":4370,"href":"https:\/\/papetiatreperenda.cz\/index.php?rest_route=\/wp\/v2\/pages\/2980\/revisions\/4370"}],"wp:attachment":[{"href":"https:\/\/papetiatreperenda.cz\/index.php?rest_route=%2Fwp%2Fv2%2Fmedia&parent=2980"}],"curies":[{"name":"wp","href":"https:\/\/api.w.org\/{rel}","templated":true}]}}