{"id":3100,"date":"2019-01-15T14:48:22","date_gmt":"2019-01-15T13:48:22","guid":{"rendered":"https:\/\/papetiatreperenda.cz\/?page_id=3100"},"modified":"2026-04-13T13:01:35","modified_gmt":"2026-04-13T11:01:35","slug":"novinky","status":"publish","type":"page","link":"https:\/\/papetiatreperenda.cz\/?page_id=3100","title":{"rendered":"Novinky"},"content":{"rendered":"<div class=\"wpb-content-wrapper\">[vc_row][vc_column width=&#8220;2\/3&#8243;][vc_column_text css=&#8220;&#8220;]\n<h6><strong><span style=\"color: #da4972;\">13.4. 2026\u00a0 <span style=\"color: #000000;\">Ve \u010dtvrtek, p\u00e1tek a v sobotu (16. &#8211; 18.4.) se na v\u00e1s budu t\u011b\u0161it v Divadle Karla Hackera. <\/span><\/span><\/strong><strong><span style=\"color: #da4972;\"><span style=\"color: #000000;\">Vstupenky na sobotn\u00ed p\u0159edstaven\u00ed m\u016f\u017eete zakoupit zde:<\/span> <span class=\"html-span xdj266r x14z9mp xat24cr x1lziwak xexx8yu xyri2b x18d9i69 x1c1uobl x1hl2dhg x16tdsg8 x1vvkbs\"><a class=\"x1i10hfl xjbqb8w x1ejq31n x18oe1m7 x1sy0etr xstzfhl x972fbf x10w94by x1qhh985 x14e42zd x9f619 x1ypdohk xt0psk2 x3ct3a4 xdj266r x14z9mp xat24cr x1lziwak xexx8yu xyri2b x18d9i69 x1c1uobl x16tdsg8 x1hl2dhg xggy1nq x1a2a7pz xkrqix3 x1sur9pj x1fey0fg x1s688f\" tabindex=\"0\" role=\"link\" href=\"https:\/\/www.divadlokh.cz\/duben-2026?fbclid=IwZXh0bgNhZW0CMTAAYnJpZBExS1FGYUQwTE0wU3owMzVTaHNydGMGYXBwX2lkEDIyMjAzOTE3ODgyMDA4OTIAAR5pwyQ0acCiozbvodrpDFtUWSWlU0pYnR8srfDeiHFqVem-MOy5pKLVWLvQBg_aem__vSP0dBDYO_e7c4hSTF9Hg\" target=\"_blank\" rel=\"nofollow noopener noreferrer\">https:\/\/www.divadlokh.cz\/duben-2026<\/a><\/span><\/span><\/strong><\/h6>\n<h6><strong>Kr\u00e1sn\u00e9 jarn\u00ed dny!<\/strong><\/h6>\n<h6><strong>Va\u0161e Treperenda <span class=\"html-span xexx8yu x4uap5 x18d9i69 xkhd6sd x1hl2dhg x16tdsg8 x1vvkbs x3nfvp2 x1j61x8r x1fcty0u xdj266r xat24cr xgzva0m xhhsvwb xxymvpz xlup9mm x1kky2od\"><img loading=\"lazy\" decoding=\"async\" class=\"xz74otr\" src=\"https:\/\/static.xx.fbcdn.net\/images\/emoji.php\/v9\/t6c\/1\/16\/2764.png\" alt=\"\u2764\ufe0f\" width=\"16\" height=\"16\" \/><\/span><\/strong><\/h6>\n[\/vc_column_text][vc_media_grid element_width=&#8220;6&#8243; gap=&#8220;30&#8243; css=&#8220;&#8220; grid_id=&#8220;vc_gid:1776078036070-b8cbfbbf-434d-1&#8243; include=&#8220;4577&#8243;][vc_column_text css=&#8220;&#8220;]\n<h6><strong><span style=\"color: #da4972;\">5.1. 2026\u00a0 <\/span><\/strong><strong>P\u0159eji v\u0161e nejlep\u0161\u00ed v nov\u00e9m roce! Pos\u00edl\u00e1m p\u00e1r st\u0159\u00edpk\u016f z na\u0161eho vystoupen\u00ed na v\u00e1no\u010dn\u00edch trz\u00edch na pra\u017esk\u00e9m And\u011blu, kter\u00e9 se tentokr\u00e1t neslo v duchu lidov\u00fdch p\u00edsn\u00ed a tradic.<\/strong><\/h6>\n<h6><strong>Kr\u00e1sn\u00fd den!<\/strong><\/h6>\n<h6><strong>Va\u0161e Treperenda <span class=\"html-span xexx8yu x4uap5 x18d9i69 xkhd6sd x1hl2dhg x16tdsg8 x1vvkbs x3nfvp2 x1j61x8r x1fcty0u xdj266r xat24cr xgzva0m xhhsvwb xxymvpz xlup9mm x1kky2od\"><img loading=\"lazy\" decoding=\"async\" class=\"xz74otr\" src=\"https:\/\/static.xx.fbcdn.net\/images\/emoji.php\/v9\/t6c\/1\/16\/2764.png\" alt=\"\u2764\ufe0f\" width=\"16\" height=\"16\" \/><\/span><\/strong><\/h6>\n[\/vc_column_text][vc_media_grid gap=&#8220;30&#8243; css=&#8220;&#8220; grid_id=&#8220;vc_gid:1776078036070-cefe50f7-1a77-3&#8243; include=&#8220;4550,4552,4551,4553,4556,4555&#8243;][vc_column_text css=&#8220;&#8220;]\n<h6><strong><span style=\"color: #da4972;\">25.9. 2025\u00a0 <\/span><\/strong><strong>Je tomu n\u011bco mali\u010dkato p\u0159es rok, co jsem se sv\u00fdm divadlem prvn\u011b vystoupila v \u010cer\u010danech, no a po dne\u0161ku u\u017e m\u00e1m na kont\u011b 80 p\u0159edstaven\u00ed. Konkr\u00e9tn\u011b dnes to byla premi\u00e9ra <span style=\"color: #da4972;\">&#8222;Potrefen\u00fdch zv\u00ed\u0159\u00e1tek 2&#8220; <\/span>a pocity a dojmy jsou skv\u011bl\u00e9. D\u011bti se \u0159echtaly (nejv\u00edce, kdy\u017e spadla pecka, spadla z vi\u0161n\u011b) a j\u00e1 taky, kdy\u017e v jeden moment pan\u00ed u\u010ditelky vyprskly sm\u00edchy nad m\u00fdm &#8222;hovniv\u00e1lem&#8220; a jeho p\u0159evz\u00e1cnou kuli\u010dkou&#8230;\ud83d\ude02 Jsem nesm\u00edrn\u011b vd\u011b\u010dn\u00e1, \u017ee d\u00edky v\u00e1m tohle v\u0161echno m\u016f\u017eu d\u011blat&#8230; \ud83d\ude4f<\/strong><br \/>\n<strong>V brzk\u00e9 dob\u011b se m\u016f\u017eeme potkat t\u0159eba v sobotu 27.9. v Zoo Chleby, kde te\u010f budu hr\u00e1t \u010dast\u011bji.<\/strong><\/h6>\n<h6><strong>Kr\u00e1sn\u00fd den!<\/strong><\/h6>\n<h6><strong>Va\u0161e Treperenda <span class=\"html-span xexx8yu x4uap5 x18d9i69 xkhd6sd x1hl2dhg x16tdsg8 x1vvkbs x3nfvp2 x1j61x8r x1fcty0u xdj266r xat24cr xgzva0m xhhsvwb xxymvpz xlup9mm x1kky2od\"><img loading=\"lazy\" decoding=\"async\" class=\"xz74otr\" src=\"https:\/\/static.xx.fbcdn.net\/images\/emoji.php\/v9\/t6c\/1\/16\/2764.png\" alt=\"\u2764\ufe0f\" width=\"16\" height=\"16\" \/><\/span><\/strong><\/h6>\n[\/vc_column_text][vc_single_image image=&#8220;4504&#8243; img_size=&#8220;400&#215;500&#8243; css=&#8220;&#8220;][vc_column_text css=&#8220;&#8220;]\n<h6><strong><span style=\"color: #da4972;\">20.8. 2025\u00a0 <\/span><\/strong><strong>V dob\u011b letn\u00edch pr\u00e1zdnin jsme s na\u0161\u00edm p\u0159edstaven\u00edm m\u011bli mo\u017enost zav\u00edtat do r\u016fzn\u00fdch zoo park\u016f, vystoupit na n\u011bkolika d\u011btsk\u00fdch dnech, ale tak\u00e9 jsme odpo\u010d\u00edvali a nab\u00edrali s\u00edly na novou sez\u00f3nu. Te\u010f u\u017e se ale piln\u011b p\u0159ipravujeme na nov\u00e9 p\u0159edstaven\u00ed &#8211; &#8222;Potrefen\u00e1 zv\u00ed\u0159\u00e1tka 2&#8220;, kde se tentokr\u00e1t m\u016f\u017eete potkat t\u0159eba s kosem a jeho peckou spadlou z vi\u0161n\u011b, nenasytn\u00fdm pelik\u00e1nem nebo t\u0159eba s vesel\u00fdm, ale tro\u0161ku pomaten\u00fdm velbloudem&#8230;<\/strong><\/h6>\n[\/vc_column_text][vc_column_text css=&#8220;&#8220;]\n<h6><strong><span style=\"color: #da4972;\">29.6. 2025\u00a0 <\/span><\/strong><strong>V\u010dera jsme si u\u017eili skv\u011bl\u00fd prvn\u00ed pr\u00e1zdninov\u00fd den v Zoo Chleby.<\/strong><\/h6>\n[\/vc_column_text][vc_single_image image=&#8220;4435&#8243; img_size=&#8220;500&#215;400&#8243; css=&#8220;&#8220;][vc_column_text css=&#8220;&#8220;]\n<h6><strong><span style=\"color: #da4972;\">9.6. 2025\u00a0 <\/span><\/strong><strong>U\u017e se moc t\u011b\u0161\u00edme na na\u0161e letn\u00ed hr\u00e1tky ve Farmaparku Sob\u011bhrdy! <\/strong><strong>V sobotu <\/strong><strong><span style=\"color: #da4972;\">14.6. <\/span><\/strong><strong>\u00a0a v sobotu <\/strong><strong>a ned\u011bli <\/strong><strong><span style=\"color: #da4972;\">5 &#8211; 6.7. <\/span><\/strong><strong>, v\u017edy od <\/strong><strong><span style=\"color: #da4972;\">11h.<\/span><\/strong><\/h6>\n<h6><strong>Va\u0161e Treperenda <span class=\"html-span xexx8yu x4uap5 x18d9i69 xkhd6sd x1hl2dhg x16tdsg8 x1vvkbs x3nfvp2 x1j61x8r x1fcty0u xdj266r xat24cr xgzva0m xhhsvwb xxymvpz xlup9mm x1kky2od\"><img loading=\"lazy\" decoding=\"async\" class=\"xz74otr\" src=\"https:\/\/static.xx.fbcdn.net\/images\/emoji.php\/v9\/t6c\/1\/16\/2764.png\" alt=\"\u2764\ufe0f\" width=\"16\" height=\"16\" \/><\/span><\/strong><\/h6>\n[\/vc_column_text][vc_single_image image=&#8220;4423&#8243; img_size=&#8220;500&#215;300&#8243; css=&#8220;&#8220;][vc_single_image image=&#8220;4425&#8243; img_size=&#8220;500&#215;300&#8243; css=&#8220;&#8220;][vc_column_text css=&#8220;&#8220;]\n<h6><strong><span style=\"color: #da4972;\">5.6. 2025\u00a0 <\/span><\/strong><strong>Jak m\u016f\u017eete vid\u011bt, hrajeme opravdu v r\u016fzn\u00fdch podm\u00ednk\u00e1ch&#8230;<\/strong><\/h6>\n<h6><strong>A to n\u00e1s na tom pr\u00e1v\u011b bav\u00ed!!!\u00a0<\/strong><\/h6>\n<h6><strong>Va\u0161e Treperenda <span class=\"html-span xexx8yu x4uap5 x18d9i69 xkhd6sd x1hl2dhg x16tdsg8 x1vvkbs x3nfvp2 x1j61x8r x1fcty0u xdj266r xat24cr xgzva0m xhhsvwb xxymvpz xlup9mm x1kky2od\"><img loading=\"lazy\" decoding=\"async\" class=\"xz74otr\" src=\"https:\/\/static.xx.fbcdn.net\/images\/emoji.php\/v9\/t6c\/1\/16\/2764.png\" alt=\"\u2764\ufe0f\" width=\"16\" height=\"16\" \/><\/span><\/strong><\/h6>\n[\/vc_column_text][vc_single_image image=&#8220;4417&#8243; img_size=&#8220;650&#215;650&#8243; css=&#8220;&#8220;][vc_column_text css=&#8220;&#8220;]\n<h6><strong><span style=\"color: #da4972;\">27.5. 2025\u00a0 <\/span><\/strong><strong>M\u00e1m velkou radost, \u017ee se mi otev\u0159ely dve\u0159e do dal\u0161\u00edho zv\u00ed\u0159\u00e1tkov\u00e9ho parku &#8211; Zoopark Zel\u010d\u00edn, kde mohu v sobotu 14.6. od 15h vystoupit se sv\u00fdmi &#8222;Potrefen\u00fdmi zv\u00ed\u0159\u00e1tky&#8220;. Tak\u017ee budete-li pobl\u00ed\u017e, ur\u010dit\u011b dorazte!<\/strong><\/h6>\n<h6><strong>Va\u0161e Treperenda <span class=\"html-span xexx8yu x4uap5 x18d9i69 xkhd6sd x1hl2dhg x16tdsg8 x1vvkbs x3nfvp2 x1j61x8r x1fcty0u xdj266r xat24cr xgzva0m xhhsvwb xxymvpz xlup9mm x1kky2od\"><img loading=\"lazy\" decoding=\"async\" class=\"xz74otr\" src=\"https:\/\/static.xx.fbcdn.net\/images\/emoji.php\/v9\/t6c\/1\/16\/2764.png\" alt=\"\u2764\ufe0f\" width=\"16\" height=\"16\" \/><\/span><\/strong><\/h6>\n[\/vc_column_text][vc_single_image image=&#8220;4409&#8243; img_size=&#8220;650&#215;350&#8243; css=&#8220;&#8220;][vc_column_text css=&#8220;&#8220;]\n<h6><strong><span style=\"color: #da4972;\">8.04. 2025 <\/span><span style=\"color: #000000;\">Bylo mi velkou ct\u00ed povypr\u00e1v\u011bt o sv\u00e9m projektu na TV A11. <\/span><\/strong><strong><span style=\"color: #000000;\">Cel\u00fd z\u00e1znam rozhovoru naleznete na tomto odkazu:<\/span><\/strong><\/h6>\n<h6><a href=\"http:\/\/Veronika Trefn\u00e1 \u201eTreperenda\u201c, Tereza Kerndlov\u00e1, Electric Lady - A 11 TV\">http:\/\/Veronika Trefn\u00e1 \u201eTreperenda\u201c, Tereza Kerndlov\u00e1, Electric Lady &#8211; A 11 TV<\/a><\/h6>\n[\/vc_column_text][vc_single_image image=&#8220;4361&#8243; img_size=&#8220;600&#215;300&#8243; css=&#8220;&#8220;][vc_column_text css=&#8220;&#8220;]\n<h6><strong><span style=\"color: #da4972;\">13.3. 2025 <\/span><span style=\"color: #000000;\">V pond\u011bl\u00ed jsme poprv\u00e9 vystoupili s p\u0159edstaven\u00edm &#8222;Papeti a Treperenda lidov\u011b&#8220;. D\u011bti i pan\u00ed u\u010ditelky zp\u00edvaly z pln\u00fdch plic a je\u0161t\u011b p\u0159i balen\u00ed divad\u00e9lka jsem sly\u0161ela, jak si ta d\u00edtka pobrukovala &#8222;Bejv\u00e1valo, bejv\u00e1valo&#8220;&#8230; <\/span><\/strong><\/h6>\n<h6><strong><span style=\"color: #000000;\">M\u00e1m velkou radost a h\u0159ejiv\u00fd pocit, \u017ee to m\u00e1 smysl&#8230;<\/span><\/strong><\/h6>\n<h6><strong>Va\u0161e Treperenda\u00a0<span class=\"html-span xexx8yu x4uap5 x18d9i69 xkhd6sd x1hl2dhg x16tdsg8 x1vvkbs x3nfvp2 x1j61x8r x1fcty0u xdj266r xat24cr xgzva0m xhhsvwb xxymvpz xlup9mm x1kky2od\"><img loading=\"lazy\" decoding=\"async\" class=\"xz74otr\" src=\"https:\/\/static.xx.fbcdn.net\/images\/emoji.php\/v9\/t6c\/1\/16\/2764.png\" alt=\"\u2764\ufe0f\" width=\"16\" height=\"16\" \/><\/span><\/strong><\/h6>\n[\/vc_column_text][vc_single_image image=&#8220;4305&#8243; img_size=&#8220;500&#215;400&#8243; css=&#8220;&#8220;][vc_column_text css=&#8220;&#8220;]\n<h6><strong><span style=\"color: #da4972;\">6.1. 2025 <\/span>D\u011bkuji agentu\u0159e <a href=\"https:\/\/zivyjukebox.cz\/\">&#8222;\u017div\u00fd Jukebox&#8220;<\/a> za nato\u010den\u00ed promo videa z jednoho z m\u00fdch \u0161kolkov\u00fdch p\u0159edstaven\u00ed.<\/strong><\/h6>\n[\/vc_column_text][vc_video link=&#8220;https:\/\/youtu.be\/V00sPFGJal0&#8243; css=&#8220;&#8220;][vc_column_text css=&#8220;&#8220;]\n<h6><strong><span style=\"color: #da4972;\">21.12. 2024 <\/span>A takto n\u011bjak by mohly vypadat kulisy k m\u00e9mu dal\u0161\u00edmu p\u0159edstaven\u00ed, kter\u00e9 bude postaveno na na\u0161ich kr\u00e1sn\u00fdch \u010desk\u00fdch a moravsk\u00fdch lidov\u00fdch p\u00edsn\u00edch<\/strong><strong>&#8230;<\/strong><\/h6>\n[\/vc_column_text][vc_single_image image=&#8220;4245&#8243; img_size=&#8220;400&#215;600&#8243; css=&#8220;&#8220;][vc_column_text css=&#8220;&#8220;]\n<h6><strong><span style=\"color: #da4972;\">14.11. 2024 <\/span>T<\/strong><strong>akhle vznikaj\u00ed kulisy k pokra\u010dov\u00e1n\u00ed na\u0161ich &#8222;Potrefen\u00fdch zv\u00ed\u0159\u00e1tek&#8220;. M\u016f\u017eete se t\u011b\u0161it na velblouda, pelik\u00e1na, my\u0161ku ale t\u0159eba tak\u00e9 na kosa a jeho pecku spadlou z vi\u0161n\u011b&#8230;<\/strong><\/h6>\n[\/vc_column_text][vc_single_image image=&#8220;4211&#8243; img_size=&#8220;400&#215;600&#8243; css=&#8220;&#8220;][vc_column_text css=&#8220;&#8220;]\n<h6><strong><span style=\"color: #da4972;\">24.10.2024 <\/span><\/strong><strong>Ob\u011b p\u0159edstaven\u00ed v Choceradech, nejprve v M\u0160 a o t\u00fdden pozd\u011bji v Z\u0160, spojovala skv\u011bl\u00e1 atmosf\u00e9ra a \u00fa\u017easn\u00e9 publikum. Je\u0161t\u011b jednou d\u011bkuji v\u0161em d\u011btem a pan\u00edm u\u010ditelk\u00e1m za kr\u00e1sn\u00fd z\u00e1\u017eitek!<\/strong><\/h6>\n[\/vc_column_text][vc_media_grid gap=&#8220;30&#8243; css=&#8220;&#8220; grid_id=&#8220;vc_gid:1776078036072-3ddabf6c-37a2-1&#8243; include=&#8220;4173,4181,4182&#8243;][vc_column_text css=&#8220;&#8220;]\n<h6><strong><span style=\"color: #da4972;\">17.9.2024<\/span> Kamar\u00e1di, dali jsme s Norbertem (klav\u00edr) hlavy dohromady a u\u017e te\u010f v\u00e1m mohu prozradit, \u017ee pl\u00e1nujeme dal\u0161\u00ed p\u0159edstaven\u00ed!\ud83d\ude0d A proto\u017ee je zapot\u0159eb\u00ed zachov\u00e1vat lidov\u00e9 tradice, tentokr\u00e1t to bude v trochu lidov\u011bj\u0161\u00edm duchu&#8230;<\/strong><\/h6>\n<h6><strong>Va\u0161e Treperenda <span class=\"html-span xexx8yu x4uap5 x18d9i69 xkhd6sd x1hl2dhg x16tdsg8 x1vvkbs x3nfvp2 x1j61x8r x1fcty0u xdj266r xat24cr xgzva0m xhhsvwb xxymvpz xlup9mm x1kky2od\"><img loading=\"lazy\" decoding=\"async\" class=\"xz74otr\" src=\"https:\/\/static.xx.fbcdn.net\/images\/emoji.php\/v9\/t6c\/1\/16\/2764.png\" alt=\"\u2764\ufe0f\" width=\"16\" height=\"16\" \/><\/span><\/strong><\/h6>\n[\/vc_column_text][vc_single_image image=&#8220;4048&#8243; img_size=&#8220;200 x 300&#8243; css=&#8220;&#8220;][vc_column_text css=&#8220;&#8220;]\n<h6><strong><span style=\"color: #da4972;\">31.8.2024<\/span> Kamar\u00e1di, m\u00e1me za sebou \u010der\u010dansk\u00fd rodinn\u00fd festiv\u00e1lek &#8222;Rozlou\u010den\u00ed s pr\u00e1zdninami&#8220;, kde jsme vystoupili spole\u010dn\u011b s Vlastou Horv\u00e1them a jeho dcerkou Lindou. Takto ve venkovn\u00edm prost\u0159ed\u00ed jsme hr\u00e1li poprv\u00e9 a \u0159eknu v\u00e1m, byly to docela nervy&#8230;Slun\u00ed\u010dko se do n\u00e1s op\u00edralo v\u0161\u00ed silou, v\u011bt\u0159\u00edk si pohr\u00e1val s kulisami, ale nedali jsme se a v\u011b\u0159\u00edm, \u017ee i vy, kte\u0159\u00ed jste v\u010dera dorazili, jste si to u\u017eili alespo\u0148 z poloviny tak, jako j\u00e1 a moji papeti! Na v\u00e1s ostatn\u00ed se budu t\u011b\u0161it zase n\u011bkdy p\u0159\u00ed\u0161t\u011b, t\u0159eba ve va\u0161\u00ed \u0161kolce nebo \u0161kole. Tak a\u0165 se v\u00e1m ten za\u010d\u00e1tek \u0161koln\u00edho roku hezky vyda\u0159\u00ed!<\/strong><\/h6>\n<h6><strong>Va\u0161e Treperenda <span class=\"html-span xexx8yu x4uap5 x18d9i69 xkhd6sd x1hl2dhg x16tdsg8 x1vvkbs x3nfvp2 x1j61x8r x1fcty0u xdj266r xat24cr xgzva0m xhhsvwb xxymvpz xlup9mm x1kky2od\"><img loading=\"lazy\" decoding=\"async\" class=\"xz74otr\" src=\"https:\/\/static.xx.fbcdn.net\/images\/emoji.php\/v9\/t6c\/1\/16\/2764.png\" alt=\"\u2764\ufe0f\" width=\"16\" height=\"16\" \/><\/span><\/strong><\/h6>\n[\/vc_column_text][vc_media_grid gap=&#8220;30&#8243; css=&#8220;&#8220; grid_id=&#8220;vc_gid:1776078036072-c228b5ef-0d06-3&#8243; include=&#8220;3593,3551,3568&#8243;][vc_column_text css=&#8220;&#8220;]\n<h6><strong><span style=\"color: #da4972;\">4.7.2024<\/span> Kam\u00e1r\u00e1di, srde\u010dn\u011b v\u00e1s zvu na na\u0161e p\u0159edstaven\u00ed\u00a0<\/strong><strong><span style=\"color: #da4972;\">&#8222;Potrefen\u00e1 zv\u00ed\u0159\u00e1tka&#8220; <\/span><\/strong><strong>ji\u017e 30.8. v \u010cer\u010danech, spole\u010dn\u011b s m\u00fdm kamar\u00e1dem Vlastou Horv\u00e1them a jeho hosty&#8230;<\/strong><\/h6>\n<h6><strong>T\u011b\u0161\u00edme se moc!\u00a0<\/strong><\/h6>\n<h6><strong>Va\u0161e Treperenda <span class=\"html-span xexx8yu x4uap5 x18d9i69 xkhd6sd x1hl2dhg x16tdsg8 x1vvkbs x3nfvp2 x1j61x8r x1fcty0u xdj266r xat24cr xgzva0m xhhsvwb xxymvpz xlup9mm x1kky2od\"><img loading=\"lazy\" decoding=\"async\" class=\"xz74otr\" src=\"https:\/\/static.xx.fbcdn.net\/images\/emoji.php\/v9\/t6c\/1\/16\/2764.png\" alt=\"\u2764\ufe0f\" width=\"16\" height=\"16\" \/><\/span><\/strong><\/h6>\n[\/vc_column_text][vc_single_image image=&#8220;3518&#8243; img_size=&#8220;large&#8220; css=&#8220;&#8220;][vc_column_text css=&#8220;&#8220;]\n<h6><span style=\"color: #da4972;\"><strong>3.7.2024<\/strong><\/span> <strong>Pos\u00edl\u00e1m pozdravy ze studia, kde pro v\u00e1s p\u0159ipravujeme nov\u00e9 p\u00edsni\u010dky o vl\u00e1\u010dku, nezbedn\u00fdch tkani\u010dk\u00e1ch nebo Pepovi, kter\u00fd nezdravil, co\u017e se mu \u0161eredn\u011b vymstilo. <\/strong><strong>Za klav\u00edr op\u011bt usedl skv\u011bl\u00fd Norbert Heller.\u00a0<\/strong><\/h6>\n<p><img loading=\"lazy\" decoding=\"async\" class=\"alignnone size-medium wp-image-3517\" src=\"https:\/\/papetiatreperenda.cz\/wp-content\/uploads\/2024\/07\/hell-300x246.jpg\" alt=\"\" width=\"300\" height=\"246\" srcset=\"https:\/\/papetiatreperenda.cz\/wp-content\/uploads\/2024\/07\/hell-300x246.jpg 300w, https:\/\/papetiatreperenda.cz\/wp-content\/uploads\/2024\/07\/hell-1024x839.jpg 1024w, https:\/\/papetiatreperenda.cz\/wp-content\/uploads\/2024\/07\/hell-768x629.jpg 768w, https:\/\/papetiatreperenda.cz\/wp-content\/uploads\/2024\/07\/hell-1536x1259.jpg 1536w, https:\/\/papetiatreperenda.cz\/wp-content\/uploads\/2024\/07\/hell.jpg 1600w\" sizes=\"auto, (max-width: 300px) 100vw, 300px\" \/>[\/vc_column_text][vc_column_text css=&#8220;&#8220;]\n<h6><strong><span style=\"color: #da4972;\">25.6.2024<\/span> A tady mal\u00e1 uk\u00e1zka nov\u011b vznikl\u00fdch &#8222;pape\u0165\u00e1k\u016f&#8220;. Jezev\u010d\u00edk norn\u00edk, Klaun o\u010dkat\u00fd, Krokod\u00fdl Mire\u010dek nebo Had brejlovec&#8230;<\/strong><\/h6>\n[\/vc_column_text][vc_media_grid element_width=&#8220;3&#8243; css=&#8220;&#8220; grid_id=&#8220;vc_gid:1776078036072-5696543b-b7ad-5&#8243; include=&#8220;3374,3369,3371,3508&#8243;][vc_column_text css=&#8220;&#8220;]\n<h6><strong><span style=\"color: #993300;\"><span style=\"color: #da4972;\">15.05.2019<\/span>\u00a0<\/span> Klip je hotov! A\u0165 se l\u00edb\u00ed!<\/strong><\/h6>\n[\/vc_column_text][vc_video link=&#8220;https:\/\/www.youtube.com\/watch?v=gC2zzo6iyFg&#8220; css=&#8220;&#8220;][vc_column_text css=&#8220;&#8220;]\n<h6><strong><span style=\"color: #993300;\"><span style=\"color: #da4972;\">06.05.2019<\/span>\u00a0<\/span> Ve \u010dtvrtek 18. dubna se nat\u00e1\u010del klip k &#8222;Mandelince bramborov\u00e9&#8220;. Te\u010f prob\u00edhaj\u00ed st\u0159iha\u010dsk\u00e9 pr\u00e1ce a brzy by m\u011blo b\u00fdt d\u00edlko na sv\u011bt\u011b! J\u00e1 se tak t\u011b\u0161\u00edm!<\/strong><\/h6>\n[\/vc_column_text][vc_column_text css=&#8220;&#8220;]\n<h6><strong><span style=\"color: #993300;\"><span style=\"color: #da4972;\">10.01.2019<\/span>\u00a0<\/span> Na Youtube jsme vlo\u017eili novou p\u00edsni\u010dku, tentokr\u00e1t o jezev\u010d\u00edkovi norn\u00edkovi. P\u00edse\u0148 vznikla na z\u00e1klad\u011b skute\u010dn\u00fdch ud\u00e1lost\u00ed a je vzpom\u00ednkou na na\u0161i zlatou jezev\u010di\u010d\u00ed fenku\u00a0 Ejmi, kter\u00e1 n\u00e1s loni na podzim opustila \ud83d\ude41<\/strong><\/h6>\n[\/vc_column_text][vc_video link=&#8220;https:\/\/www.youtube.com\/watch?v=WHq3lx4yfLg&#8220; css=&#8220;&#8220;][vc_column_text css=&#8220;&#8220;]\n<h6><strong><span style=\"color: #993300;\"><span style=\"color: #da4972;\">28.01.2019<\/span>\u00a0<\/span> Dneska mi ud\u011blaly velikou radost nete\u0159inky m\u00e9 kamar\u00e1dky svou origin\u00e1ln\u00ed prezentac\u00ed Mandelinky&#8230;<\/strong><\/h6>\n[\/vc_column_text][vc_video link=&#8220;https:\/\/www.youtube.com\/watch?v=jjuHRpJOBa8&amp;t=58s&#8220; css=&#8220;&#8220;][vc_column_text css=&#8220;&#8220;]\n<h6><strong><span style=\"color: #993300;\"><span style=\"color: #da4972;\">28.01.2019<\/span>\u00a0<\/span> Krovky pro mandelinku jsou hotovy! Konec hl\u00e1\u0161en\u00ed.<\/strong><\/h6>\n[\/vc_column_text][vc_single_image image=&#8220;3188&#8243; img_size=&#8220;400&#8243; css=&#8220;&#8220;][vc_column_text css=&#8220;&#8220;]\n<h6><strong><span style=\"color: #993300;\"><span style=\"color: #da4972;\">12.01.2019<\/span>\u00a0<\/span> Jako prvn\u00ed singl vypust\u00edme do sv\u011bta Mandelinku bramborovou, kter\u00e1 si od v\u00e1s vyslou\u017eila nejvy\u0161\u0161\u00ed po\u010det shl\u00e9dnut\u00ed na Youtube.<\/strong><\/h6>\n[\/vc_column_text][vc_column_text css=&#8220;&#8220;]\n<h6><strong><span style=\"color: #993300;\"><span style=\"color: #da4972;\">10.01.2019<\/span>\u00a0<\/span> Kone\u010dn\u011b je to tady! Spou\u0161t\u00edme nov\u00e9 str\u00e1nky! Postupn\u011b budeme p\u0159id\u00e1vat p\u00edsni\u010dky, fotky, novinky&#8230;<\/strong><\/h6>\n[\/vc_column_text][\/vc_column][vc_column width=&#8220;1\/3&#8243;][\/vc_column][\/vc_row]\n<\/div>","protected":false},"excerpt":{"rendered":"<p>[vc_row][vc_column width=&#8220;2\/3&#8243;][vc_column_text css=&#8220;&#8220;] 13.4. 2026\u00a0 Ve \u010dtvrtek, p\u00e1tek a v sobotu (16. &#8211; 18.4.) se na v\u00e1s budu t\u011b\u0161it v Divadle Karla Hackera. Vstupenky na sobotn\u00ed p\u0159edstaven\u00ed m\u016f\u017eete zakoupit zde: https:\/\/www.divadlokh.cz\/duben-2026 Kr\u00e1sn\u00e9 jarn\u00ed dny! Va\u0161e Treperenda [\/vc_column_text][vc_media_grid element_width=&#8220;6&#8243; gap=&#8220;30&#8243; css=&#8220;&#8220;&#8230;<\/p>\n","protected":false},"author":2,"featured_media":0,"parent":0,"menu_order":0,"comment_status":"closed","ping_status":"closed","template":"","meta":{"_exactmetrics_skip_tracking":false,"_exactmetrics_sitenote_active":false,"_exactmetrics_sitenote_note":"","_exactmetrics_sitenote_category":0,"footnotes":""},"class_list":["post-3100","page","type-page","status-publish","hentry"],"_links":{"self":[{"href":"https:\/\/papetiatreperenda.cz\/index.php?rest_route=\/wp\/v2\/pages\/3100","targetHints":{"allow":["GET"]}}],"collection":[{"href":"https:\/\/papetiatreperenda.cz\/index.php?rest_route=\/wp\/v2\/pages"}],"about":[{"href":"https:\/\/papetiatreperenda.cz\/index.php?rest_route=\/wp\/v2\/types\/page"}],"author":[{"embeddable":true,"href":"https:\/\/papetiatreperenda.cz\/index.php?rest_route=\/wp\/v2\/users\/2"}],"replies":[{"embeddable":true,"href":"https:\/\/papetiatreperenda.cz\/index.php?rest_route=%2Fwp%2Fv2%2Fcomments&post=3100"}],"version-history":[{"count":235,"href":"https:\/\/papetiatreperenda.cz\/index.php?rest_route=\/wp\/v2\/pages\/3100\/revisions"}],"predecessor-version":[{"id":4578,"href":"https:\/\/papetiatreperenda.cz\/index.php?rest_route=\/wp\/v2\/pages\/3100\/revisions\/4578"}],"wp:attachment":[{"href":"https:\/\/papetiatreperenda.cz\/index.php?rest_route=%2Fwp%2Fv2%2Fmedia&parent=3100"}],"curies":[{"name":"wp","href":"https:\/\/api.w.org\/{rel}","templated":true}]}}